{"id":17323,"date":"2026-02-17T18:19:10","date_gmt":"2026-02-17T18:19:10","guid":{"rendered":"https:\/\/imprentaametroshighs4120.live-website.com\/tienda\/sin%20categor\u00eda\/neoblu-gaspard-men\/"},"modified":"2026-02-25T17:16:52","modified_gmt":"2026-02-25T17:16:52","slug":"neoblu-gaspard-men","status":"publish","type":"product","link":"https:\/\/imprentaametros.com\/en\/tienda\/textil\/pantalones\/neoblu-gaspard-men\/","title":{"rendered":"NEOBLU GASPARD MEN"},"content":{"rendered":"<p><span dir=\"auto\" style=\"vertical-align: inherit;\"><span dir=\"auto\" style=\"vertical-align: inherit;\"><span dir=\"auto\" style=\"vertical-align: inherit;\"><span dir=\"auto\" style=\"vertical-align: inherit;\"><span dir=\"auto\" style=\"vertical-align: inherit;\"><span dir=\"auto\" style=\"vertical-align: inherit;\"><span dir=\"auto\" style=\"vertical-align: inherit;\"><span dir=\"auto\" style=\"vertical-align: inherit;\">Cierre con cremallera y bot\u00f3n &#8211; Trabillas para el cintur\u00f3n &#8211; Estilo de 5 bolsillos &#8211; 2 bolsillos delanteros y uno peque\u00f1o &#8211; 2 bolsillos traseros de parche &#8211; Botones y remaches de metal mate El aut\u00e9ntico vaquero en versi\u00f3n el\u00e1stica: talle semialto y pierna recta<\/span><\/span><\/span><\/span><\/span><\/span><\/span><\/span><\/p>\n<p><span dir=\"auto\" style=\"vertical-align: inherit;\"><span dir=\"auto\" style=\"vertical-align: inherit;\"><span dir=\"auto\" style=\"vertical-align: inherit;\"><span dir=\"auto\" style=\"vertical-align: inherit;\"><span dir=\"auto\" style=\"vertical-align: inherit;\"><span dir=\"auto\" style=\"vertical-align: inherit;\"><span dir=\"auto\" style=\"vertical-align: inherit;\"><span dir=\"auto\" style=\"vertical-align: inherit;\">309<\/span><\/span><\/span><\/span><\/span><\/span><\/span><\/span><\/p>\n<p><span dir=\"auto\" style=\"vertical-align: inherit;\"><span dir=\"auto\" style=\"vertical-align: inherit;\"><\/span><\/span><\/p>","protected":false},"excerpt":{"rendered":"<p>Cierre con cremallera y bot\u00f3n &#8211; Trabillas para el cintur\u00f3n &#8211; Estilo de 5 bolsillos &#8211; 2 bolsillos delanteros y uno peque\u00f1o &#8211; 2 bolsillos traseros de parche &#8211; Botones y remaches de metal mate El aut\u00e9ntico vaquero en versi\u00f3n el\u00e1stica: talle semialto y pierna recta 309<\/p>","protected":false},"featured_media":0,"template":"","meta":[],"product_brand":[70],"product_cat":[599],"product_tag":[],"class_list":{"0":"post-17323","1":"product","2":"type-product","3":"status-publish","5":"product_brand-neoblu","6":"product_cat-pantalones","7":"pa_color-blanco-french-marino","8":"pa_color-blanco-fucsia","9":"pa_color-blanco-gris-mezcla","10":"pa_color-naranja","11":"pa_color-verde-flash","12":"pa_color-verde-pradera","13":"pa_ficha-tecnica-840","14":"pa_ficha-tecnica-842","15":"pa_ficha-tecnica-843","16":"pa_ficha-tecnica-844","17":"pa_ficha-tecnica-845","18":"pa_ficha-tecnica-846","19":"pa_ficha-tecnica-847","20":"pa_ficha-tecnica-848","21":"pa_ficha-tecnica-849","22":"pa_ficha-tecnica-850","23":"pa_ficha-tecnica-851","24":"pa_ficha-tecnica-852","25":"pa_ficha-tecnica-853","26":"pa_ficha-tecnica-854","27":"pa_ficha-tecnica-855","28":"pa_ficha-tecnica-856","29":"pa_ficha-tecnica-857","30":"pa_ficha-tecnica-858","31":"pa_genero-para-un-look-informal-y-elegante","32":"pa_talla-pantalones","34":"first","35":"instock","36":"purchasable","37":"product-type-variable","38":"wvs-archive-product-wrapper"},"_links":{"self":[{"href":"https:\/\/imprentaametros.com\/en\/wp-json\/wp\/v2\/product\/17323","targetHints":{"allow":["GET"]}}],"collection":[{"href":"https:\/\/imprentaametros.com\/en\/wp-json\/wp\/v2\/product"}],"about":[{"href":"https:\/\/imprentaametros.com\/en\/wp-json\/wp\/v2\/types\/product"}],"version-history":[{"count":1,"href":"https:\/\/imprentaametros.com\/en\/wp-json\/wp\/v2\/product\/17323\/revisions"}],"predecessor-version":[{"id":17324,"href":"https:\/\/imprentaametros.com\/en\/wp-json\/wp\/v2\/product\/17323\/revisions\/17324"}],"wp:attachment":[{"href":"https:\/\/imprentaametros.com\/en\/wp-json\/wp\/v2\/media?parent=17323"}],"wp:term":[{"taxonomy":"product_brand","embeddable":true,"href":"https:\/\/imprentaametros.com\/en\/wp-json\/wp\/v2\/product_brand?post=17323"},{"taxonomy":"product_cat","embeddable":true,"href":"https:\/\/imprentaametros.com\/en\/wp-json\/wp\/v2\/product_cat?post=17323"},{"taxonomy":"product_tag","embeddable":true,"href":"https:\/\/imprentaametros.com\/en\/wp-json\/wp\/v2\/product_tag?post=17323"}],"curies":[{"name":"wp","href":"https:\/\/api.w.org\/{rel}","templated":true}]}}