{"id":17153,"date":"2026-02-17T17:52:54","date_gmt":"2026-02-17T17:52:54","guid":{"rendered":"https:\/\/imprentaametroshighs4120.live-website.com\/tienda\/sin%20categor\u00eda\/neoblu-gabin-men\/"},"modified":"2026-02-25T17:17:16","modified_gmt":"2026-02-25T17:17:16","slug":"neoblu-gabin-men","status":"publish","type":"product","link":"https:\/\/imprentaametros.com\/en\/tienda\/textil\/pantalones\/neoblu-gabin-men\/","title":{"rendered":"NEOBLU GABIN MEN"},"content":{"rendered":"<p><span dir=\"auto\" style=\"vertical-align: inherit;\"><span dir=\"auto\" style=\"vertical-align: inherit;\"><span dir=\"auto\" style=\"vertical-align: inherit;\"><span dir=\"auto\" style=\"vertical-align: inherit;\"><span dir=\"auto\" style=\"vertical-align: inherit;\"><span dir=\"auto\" style=\"vertical-align: inherit;\"><span dir=\"auto\" style=\"vertical-align: inherit;\"><span dir=\"auto\" style=\"vertical-align: inherit;\">Cierre con cremallera y bot\u00f3n &#8211; Trabillas para el cintur\u00f3n &#8211; Cintura el\u00e1stica &#8211; 2 bolsillos delanteros italianos &#8211; 2 bolsillos traseros ribeteados &#8211; 2 pinzas traseras Prenda emblem\u00e1tica del guardarropa masculino<\/span><\/span><\/span><\/span><\/span><\/span><\/span><\/span><\/p>\n<p><span dir=\"auto\" style=\"vertical-align: inherit;\"><span dir=\"auto\" style=\"vertical-align: inherit;\"><span dir=\"auto\" style=\"vertical-align: inherit;\"><span dir=\"auto\" style=\"vertical-align: inherit;\"><span dir=\"auto\" style=\"vertical-align: inherit;\"><span dir=\"auto\" style=\"vertical-align: inherit;\"><span dir=\"auto\" style=\"vertical-align: inherit;\"><span dir=\"auto\" style=\"vertical-align: inherit;\">Negro Profundo<\/span><\/span><\/span><\/span><\/span><\/span><\/span><\/span><\/p>\n<p><span dir=\"auto\" style=\"vertical-align: inherit;\"><span dir=\"auto\" style=\"vertical-align: inherit;\"><\/span><\/span><\/p>","protected":false},"excerpt":{"rendered":"<p>Cierre con cremallera y bot\u00f3n &#8211; Trabillas para el cintur\u00f3n &#8211; Cintura el\u00e1stica &#8211; 2 bolsillos delanteros italianos &#8211; 2 bolsillos traseros ribeteados &#8211; 2 pinzas traseras Prenda emblem\u00e1tica del guardarropa masculino Negro Profundo<\/p>","protected":false},"featured_media":17156,"template":"","meta":[],"product_brand":[70],"product_cat":[599,585],"product_tag":[],"class_list":{"0":"post-17153","1":"product","2":"type-product","3":"status-publish","4":"has-post-thumbnail","6":"product_brand-neoblu","7":"product_cat-pantalones","8":"product_cat-textil","9":"pa_color-blanco-french-marino","10":"pa_color-blanco-fucsia","11":"pa_color-blanco-gris-mezcla","12":"pa_color-naranja","13":"pa_color-naranja-fluor","14":"pa_color-verde-flash","15":"pa_color-verde-pradera","16":"pa_ficha-tecnica-712","17":"pa_ficha-tecnica-713","18":"pa_ficha-tecnica-725","19":"pa_ficha-tecnica-677","20":"pa_ficha-tecnica-680","21":"pa_ficha-tecnica-697","22":"pa_ficha-tecnica-698","23":"pa_ficha-tecnica-699","24":"pa_ficha-tecnica-711","25":"pa_ficha-tecnica-681","26":"pa_ficha-tecnica-683","27":"pa_ficha-tecnica-684","28":"pa_ficha-tecnica-685","29":"pa_ficha-tecnica-686","30":"pa_ficha-tecnica-687","31":"pa_ficha-tecnica-688","32":"pa_ficha-tecnica-700","33":"pa_ficha-tecnica-701","34":"pa_ficha-tecnica-702","35":"pa_ficha-tecnica-703","36":"pa_ficha-tecnica-704","37":"pa_ficha-tecnica-705","38":"pa_ficha-tecnica-706","39":"pa_ficha-tecnica-714","40":"pa_ficha-tecnica-715","41":"pa_ficha-tecnica-716","42":"pa_ficha-tecnica-717","43":"pa_ficha-tecnica-718","44":"pa_ficha-tecnica-719","45":"pa_ficha-tecnica-720","46":"pa_ficha-tecnica-690","47":"pa_ficha-tecnica-721","48":"pa_ficha-tecnica-692","49":"pa_ficha-tecnica-708","50":"pa_ficha-tecnica-722","51":"pa_ficha-tecnica-694","52":"pa_ficha-tecnica-709","53":"pa_ficha-tecnica-723","54":"pa_ficha-tecnica-695","55":"pa_ficha-tecnica-710","56":"pa_ficha-tecnica-724","57":"pa_ficha-tecnica-707","58":"pa_genero-se-adapta-a-todo-tipo-de-cuerpos-se-puede-llevar-como-un-traje-de-3-piezas-para-un-evento-formal-o-con-una-camiseta-para-un-look-informal","59":"pa_talla-hombre","61":"first","62":"instock","63":"purchasable","64":"product-type-variable","65":"wvs-archive-product-wrapper"},"_links":{"self":[{"href":"https:\/\/imprentaametros.com\/en\/wp-json\/wp\/v2\/product\/17153","targetHints":{"allow":["GET"]}}],"collection":[{"href":"https:\/\/imprentaametros.com\/en\/wp-json\/wp\/v2\/product"}],"about":[{"href":"https:\/\/imprentaametros.com\/en\/wp-json\/wp\/v2\/types\/product"}],"version-history":[{"count":1,"href":"https:\/\/imprentaametros.com\/en\/wp-json\/wp\/v2\/product\/17153\/revisions"}],"predecessor-version":[{"id":17154,"href":"https:\/\/imprentaametros.com\/en\/wp-json\/wp\/v2\/product\/17153\/revisions\/17154"}],"wp:featuredmedia":[{"embeddable":true,"href":"https:\/\/imprentaametros.com\/en\/wp-json\/wp\/v2\/media\/17156"}],"wp:attachment":[{"href":"https:\/\/imprentaametros.com\/en\/wp-json\/wp\/v2\/media?parent=17153"}],"wp:term":[{"taxonomy":"product_brand","embeddable":true,"href":"https:\/\/imprentaametros.com\/en\/wp-json\/wp\/v2\/product_brand?post=17153"},{"taxonomy":"product_cat","embeddable":true,"href":"https:\/\/imprentaametros.com\/en\/wp-json\/wp\/v2\/product_cat?post=17153"},{"taxonomy":"product_tag","embeddable":true,"href":"https:\/\/imprentaametros.com\/en\/wp-json\/wp\/v2\/product_tag?post=17153"}],"curies":[{"name":"wp","href":"https:\/\/api.w.org\/{rel}","templated":true}]}}