{"id":16835,"date":"2026-02-17T17:34:40","date_gmt":"2026-02-17T17:34:40","guid":{"rendered":"https:\/\/imprentaametroshighs4120.live-website.com\/tienda\/sin%20categor\u00eda\/sols-jules-men-length-33\/"},"modified":"2026-02-17T17:35:37","modified_gmt":"2026-02-17T17:35:37","slug":"sols-jules-men-length-33","status":"publish","type":"product","link":"https:\/\/imprentaametros.com\/en\/tienda\/textil\/pantalones\/sols-jules-men-length-33\/","title":{"rendered":"SOL&#8217;S JULES MEN &#8211; LENGTH 33"},"content":{"rendered":"<p><span dir=\"auto\" style=\"vertical-align: inherit;\"><span dir=\"auto\" style=\"vertical-align: inherit;\"><span dir=\"auto\" style=\"vertical-align: inherit;\"><span dir=\"auto\" style=\"vertical-align: inherit;\"><span dir=\"auto\" style=\"vertical-align: inherit;\"><span dir=\"auto\" style=\"vertical-align: inherit;\"><span dir=\"auto\" style=\"vertical-align: inherit;\"><span dir=\"auto\" style=\"vertical-align: inherit;\">Cierre de cremallera con bot\u00f3n &#8211; Con hebillas de cintur\u00f3n &#8211; 2 bolsillos frontales italianos &#8211; 1 peque\u00f1o bolsillo frontal &#8211; 2 bolsillos traseros ribeteadosUn corte moderno con un amplio abanico de colores de tendencia y la comodidad del elastano.<\/span><\/span><\/span><\/span><\/span><\/span><\/span><\/span><\/p>\n<p><span dir=\"auto\" style=\"vertical-align: inherit;\"><span dir=\"auto\" style=\"vertical-align: inherit;\"><span dir=\"auto\" style=\"vertical-align: inherit;\"><span dir=\"auto\" style=\"vertical-align: inherit;\"><span dir=\"auto\" style=\"vertical-align: inherit;\"><span dir=\"auto\" style=\"vertical-align: inherit;\"><span dir=\"auto\" style=\"vertical-align: inherit;\"><span dir=\"auto\" style=\"vertical-align: inherit;\">98% algod\u00f3n &#8211; 2% elastano<\/span><\/span><\/span><\/span><\/span><\/span><\/span><\/span><\/p>\n<p><span dir=\"auto\" style=\"vertical-align: inherit;\"><span dir=\"auto\" style=\"vertical-align: inherit;\"><\/span><\/span><\/p>","protected":false},"excerpt":{"rendered":"<p>Cierre de cremallera con bot\u00f3n &#8211; Con hebillas de cintur\u00f3n &#8211; 2 bolsillos frontales italianos &#8211; 1 peque\u00f1o bolsillo frontal &#8211; 2 bolsillos traseros ribeteadosUn corte moderno con un amplio abanico de colores de tendencia y la comodidad del elastano. 98% algod\u00f3n &#8211; 2% elastano<\/p>","protected":false},"featured_media":16838,"template":"","meta":[],"product_brand":[26],"product_cat":[599],"product_tag":[],"class_list":{"0":"post-16835","1":"product","2":"type-product","3":"status-publish","4":"has-post-thumbnail","6":"product_brand-sols","7":"product_cat-pantalones","8":"pa_color-antracita","9":"pa_color-blanco","10":"pa_color-castano","11":"pa_color-french-marino","12":"pa_color-negro","13":"pa_ficha-tecnica-bangladesh","14":"pa_genero-hombre","15":"pa_talla-56","16":"pa_talla-597","17":"pa_talla-600","18":"pa_talla-601","19":"pa_talla-602","20":"pa_talla-603","21":"pa_talla-604","22":"pa_talla-605","23":"pa_talla-606","25":"first","26":"instock","27":"purchasable","28":"product-type-variable","29":"wvs-archive-product-wrapper"},"_links":{"self":[{"href":"https:\/\/imprentaametros.com\/en\/wp-json\/wp\/v2\/product\/16835","targetHints":{"allow":["GET"]}}],"collection":[{"href":"https:\/\/imprentaametros.com\/en\/wp-json\/wp\/v2\/product"}],"about":[{"href":"https:\/\/imprentaametros.com\/en\/wp-json\/wp\/v2\/types\/product"}],"version-history":[{"count":1,"href":"https:\/\/imprentaametros.com\/en\/wp-json\/wp\/v2\/product\/16835\/revisions"}],"predecessor-version":[{"id":16836,"href":"https:\/\/imprentaametros.com\/en\/wp-json\/wp\/v2\/product\/16835\/revisions\/16836"}],"wp:featuredmedia":[{"embeddable":true,"href":"https:\/\/imprentaametros.com\/en\/wp-json\/wp\/v2\/media\/16838"}],"wp:attachment":[{"href":"https:\/\/imprentaametros.com\/en\/wp-json\/wp\/v2\/media?parent=16835"}],"wp:term":[{"taxonomy":"product_brand","embeddable":true,"href":"https:\/\/imprentaametros.com\/en\/wp-json\/wp\/v2\/product_brand?post=16835"},{"taxonomy":"product_cat","embeddable":true,"href":"https:\/\/imprentaametros.com\/en\/wp-json\/wp\/v2\/product_cat?post=16835"},{"taxonomy":"product_tag","embeddable":true,"href":"https:\/\/imprentaametros.com\/en\/wp-json\/wp\/v2\/product_tag?post=16835"}],"curies":[{"name":"wp","href":"https:\/\/api.w.org\/{rel}","templated":true}]}}