{"id":16606,"date":"2026-02-09T13:19:52","date_gmt":"2026-02-09T13:19:52","guid":{"rendered":"https:\/\/imprentamaxspeed2120.live-website.com\/?post_type=product&#038;p=16606"},"modified":"2026-02-13T10:12:10","modified_gmt":"2026-02-13T10:12:10","slug":"bono-dtf-textil-15m","status":"publish","type":"product","link":"https:\/\/imprentaametros.com\/en\/tienda\/bono-por-metros\/bono-dtf-textil-15m\/","title":{"rendered":"Bono DTF Textil 15m"},"content":{"rendered":"<div class=\"woocommerce-tabs wc-tabs-wrapper\">\n<div id=\"tab-description\" class=\"woocommerce-Tabs-panel woocommerce-Tabs-panel--description panel entry-content wc-tab\" role=\"tabpanel\" aria-labelledby=\"tab-title-description\">\n<p data-start=\"348\" data-end=\"493\">Un bono dise\u00f1ado para quienes buscan rapidez y flexibilidad en encargos puntuales. Una soluci\u00f3n accesible para personalizar sin complicaciones.<\/p>\n<\/div>\n<\/div>","protected":false},"excerpt":{"rendered":"<p data-start=\"253\" data-end=\"517\">El Bono DTF Textil de 15 metros es la opci\u00f3n m\u00e1s pr\u00e1ctica para\u00a0<strong data-start=\"316\" data-end=\"382\">proyectos peque\u00f1os, pedidos personalizados o tiradas reducidas<\/strong>. Es perfecto si quieres probar nuevas ideas de dise\u00f1o o si necesitas cubrir encargos puntuales sin comprometerte a un volumen mayor.<\/p>\n<p data-start=\"519\" data-end=\"550\"><strong data-start=\"519\" data-end=\"548\">Ventajas del bono de 15m:<\/strong><\/p>\n<ul data-start=\"551\" data-end=\"881\">\n<li data-start=\"551\" data-end=\"624\">\n<p data-start=\"553\" data-end=\"624\"><img decoding=\"async\" class=\"emoji\" role=\"img\" draggable=\"false\" src=\"https:\/\/s.w.org\/images\/core\/emoji\/17.0.2\/svg\/2705.svg\" alt=\"\u2705\" \/>\u00a0Ideal para\u00a0<strong data-start=\"566\" data-end=\"601\">emprendedores o peque\u00f1as marcas<\/strong>\u00a0que est\u00e1n empezando.<\/p>\n<\/li>\n<li data-start=\"625\" data-end=\"704\">\n<p data-start=\"627\" data-end=\"704\"><img decoding=\"async\" class=\"emoji\" role=\"img\" draggable=\"false\" src=\"https:\/\/s.w.org\/images\/core\/emoji\/17.0.2\/svg\/2705.svg\" alt=\"\u2705\" \/>\u00a0Flexibilidad para realizar\u00a0<strong data-start=\"656\" data-end=\"701\">pruebas de dise\u00f1o o colecciones limitadas<\/strong>.<\/p>\n<\/li>\n<li data-start=\"705\" data-end=\"800\">\n<p data-start=\"707\" data-end=\"800\"><img decoding=\"async\" class=\"emoji\" role=\"img\" draggable=\"false\" src=\"https:\/\/s.w.org\/images\/core\/emoji\/17.0.2\/svg\/2705.svg\" alt=\"\u2705\" \/>\u00a0Perfecto para\u00a0<strong data-start=\"723\" data-end=\"755\">personalizaciones exclusivas<\/strong>\u00a0en textil (camisetas, sudaderas, gorras\u2026).<\/p>\n<\/li>\n<li data-start=\"801\" data-end=\"881\">\n<p data-start=\"803\" data-end=\"881\"><img decoding=\"async\" class=\"emoji\" role=\"img\" draggable=\"false\" src=\"https:\/\/s.w.org\/images\/core\/emoji\/17.0.2\/svg\/2705.svg\" alt=\"\u2705\" \/>\u00a0Inversi\u00f3n reducida, con la seguridad de disponer de metros siempre listos.<\/p>\n<\/li>\n<\/ul>","protected":false},"featured_media":16695,"template":"","meta":[],"product_brand":[],"product_cat":[595],"product_tag":[],"class_list":{"0":"post-16606","1":"product","2":"type-product","3":"status-publish","4":"has-post-thumbnail","6":"product_cat-bono-por-metros","8":"first","9":"instock","10":"virtual","11":"taxable","12":"purchasable","13":"product-type-simple"},"_links":{"self":[{"href":"https:\/\/imprentaametros.com\/en\/wp-json\/wp\/v2\/product\/16606","targetHints":{"allow":["GET"]}}],"collection":[{"href":"https:\/\/imprentaametros.com\/en\/wp-json\/wp\/v2\/product"}],"about":[{"href":"https:\/\/imprentaametros.com\/en\/wp-json\/wp\/v2\/types\/product"}],"version-history":[{"count":4,"href":"https:\/\/imprentaametros.com\/en\/wp-json\/wp\/v2\/product\/16606\/revisions"}],"predecessor-version":[{"id":16773,"href":"https:\/\/imprentaametros.com\/en\/wp-json\/wp\/v2\/product\/16606\/revisions\/16773"}],"wp:featuredmedia":[{"embeddable":true,"href":"https:\/\/imprentaametros.com\/en\/wp-json\/wp\/v2\/media\/16695"}],"wp:attachment":[{"href":"https:\/\/imprentaametros.com\/en\/wp-json\/wp\/v2\/media?parent=16606"}],"wp:term":[{"taxonomy":"product_brand","embeddable":true,"href":"https:\/\/imprentaametros.com\/en\/wp-json\/wp\/v2\/product_brand?post=16606"},{"taxonomy":"product_cat","embeddable":true,"href":"https:\/\/imprentaametros.com\/en\/wp-json\/wp\/v2\/product_cat?post=16606"},{"taxonomy":"product_tag","embeddable":true,"href":"https:\/\/imprentaametros.com\/en\/wp-json\/wp\/v2\/product_tag?post=16606"}],"curies":[{"name":"wp","href":"https:\/\/api.w.org\/{rel}","templated":true}]}}