{"id":16230,"date":"2026-02-04T18:46:33","date_gmt":"2026-02-04T18:46:33","guid":{"rendered":"https:\/\/imprentamaxspeed2120.live-website.com\/tienda\/sin%20categor\u00eda\/sols-executive\/"},"modified":"2026-02-09T14:10:37","modified_gmt":"2026-02-09T14:10:37","slug":"sols-executive","status":"publish","type":"product","link":"https:\/\/imprentaametros.com\/en\/tienda\/textil\/camisa\/sols-executive\/","title":{"rendered":"SOL&#8217;S EXECUTIVE"},"content":{"rendered":"<p><span dir=\"auto\" style=\"vertical-align: inherit;\"><span dir=\"auto\" style=\"vertical-align: inherit;\"><span dir=\"auto\" style=\"vertical-align: inherit;\"><span dir=\"auto\" style=\"vertical-align: inherit;\"><span dir=\"auto\" style=\"vertical-align: inherit;\"><span dir=\"auto\" style=\"vertical-align: inherit;\"><span dir=\"auto\" style=\"vertical-align: inherit;\"><span dir=\"auto\" style=\"vertical-align: inherit;\">Corte ce\u00f1ido &#8211; Mangas largas &#8211; Cuello reforzado &#8211; Pu\u00f1os ajustables con 2 botones y abertura con tapeta en punta &#8211; Tapeta de 7 botones tono sobre tono &#8211; Bolsillo en el pecho izquierdo Popelin de polialgod\u00f3n para una comodidad \u00f3ptima con una amplia gama de tallas. F\u00e1cil cuidado y buena resistencia a lo largo del tiempo.<\/span><\/span><\/span><\/span><\/span><\/span><\/span><\/span><\/p>\n<p><span dir=\"auto\" style=\"vertical-align: inherit;\"><span dir=\"auto\" style=\"vertical-align: inherit;\"><span dir=\"auto\" style=\"vertical-align: inherit;\"><span dir=\"auto\" style=\"vertical-align: inherit;\"><span dir=\"auto\" style=\"vertical-align: inherit;\"><span dir=\"auto\" style=\"vertical-align: inherit;\"><span dir=\"auto\" style=\"vertical-align: inherit;\"><span dir=\"auto\" style=\"vertical-align: inherit;\">65% poli\u00e9ster- 35% algod\u00f3n<\/span><\/span><\/span><\/span><\/span><\/span><\/span><\/span><\/p>\n<p><span dir=\"auto\" style=\"vertical-align: inherit;\"><span dir=\"auto\" style=\"vertical-align: inherit;\"><\/span><\/span><\/p>","protected":false},"excerpt":{"rendered":"<p>Corte ce\u00f1ido &#8211; Mangas largas &#8211; Cuello reforzado &#8211; Pu\u00f1os ajustables con 2 botones y abertura con tapeta en punta &#8211; Tapeta de 7 botones tono sobre tono &#8211; Bolsillo en el pecho izquierdo Popelin de polialgod\u00f3n para una comodidad \u00f3ptima con una amplia gama de tallas. F\u00e1cil cuidado y buena resistencia a lo largo [&hellip;]<\/p>\n","protected":false},"featured_media":16233,"template":"","meta":[],"product_brand":[26],"product_cat":[553,585],"product_tag":[],"class_list":{"0":"post-16230","1":"product","2":"type-product","3":"status-publish","4":"has-post-thumbnail","6":"product_brand-sols","7":"product_cat-camisa","8":"product_cat-textil","9":"pa_color-azul-cielo","10":"pa_color-azul-medio","11":"pa_color-azul-oscuro","12":"pa_color-blanco","13":"pa_color-negro","14":"pa_ficha-tecnica-https-mcprod-sologroup-paris-com-default-pdfpublication-pdf-product-sku-16060-store-21-type-template_map","15":"pa_genero-mujer","16":"pa_talla-3xl","17":"pa_talla-l","18":"pa_talla-m","19":"pa_talla-s","20":"pa_talla-xl","21":"pa_talla-xs","22":"pa_talla-xxl","24":"first","25":"instock","26":"purchasable","27":"product-type-variable","28":"wvs-archive-product-wrapper"},"_links":{"self":[{"href":"https:\/\/imprentaametros.com\/en\/wp-json\/wp\/v2\/product\/16230","targetHints":{"allow":["GET"]}}],"collection":[{"href":"https:\/\/imprentaametros.com\/en\/wp-json\/wp\/v2\/product"}],"about":[{"href":"https:\/\/imprentaametros.com\/en\/wp-json\/wp\/v2\/types\/product"}],"version-history":[{"count":1,"href":"https:\/\/imprentaametros.com\/en\/wp-json\/wp\/v2\/product\/16230\/revisions"}],"predecessor-version":[{"id":16231,"href":"https:\/\/imprentaametros.com\/en\/wp-json\/wp\/v2\/product\/16230\/revisions\/16231"}],"wp:featuredmedia":[{"embeddable":true,"href":"https:\/\/imprentaametros.com\/en\/wp-json\/wp\/v2\/media\/16233"}],"wp:attachment":[{"href":"https:\/\/imprentaametros.com\/en\/wp-json\/wp\/v2\/media?parent=16230"}],"wp:term":[{"taxonomy":"product_brand","embeddable":true,"href":"https:\/\/imprentaametros.com\/en\/wp-json\/wp\/v2\/product_brand?post=16230"},{"taxonomy":"product_cat","embeddable":true,"href":"https:\/\/imprentaametros.com\/en\/wp-json\/wp\/v2\/product_cat?post=16230"},{"taxonomy":"product_tag","embeddable":true,"href":"https:\/\/imprentaametros.com\/en\/wp-json\/wp\/v2\/product_tag?post=16230"}],"curies":[{"name":"wp","href":"https:\/\/api.w.org\/{rel}","templated":true}]}}