{"id":15416,"date":"2026-02-04T18:15:20","date_gmt":"2026-02-04T18:15:20","guid":{"rendered":"https:\/\/imprentamaxspeed2120.live-website.com\/tienda\/sin%20categor\u00eda\/sols-rock-women\/"},"modified":"2026-02-04T18:16:57","modified_gmt":"2026-02-04T18:16:57","slug":"sols-rock-women","status":"publish","type":"product","link":"https:\/\/imprentaametros.com\/en\/tienda\/textil\/softshell\/sols-rock-women\/","title":{"rendered":"SOL&#8217;S ROCK WOMEN"},"content":{"rendered":"<p><span dir=\"auto\" style=\"vertical-align: inherit;\"><span dir=\"auto\" style=\"vertical-align: inherit;\"><span dir=\"auto\" style=\"vertical-align: inherit;\"><span dir=\"auto\" style=\"vertical-align: inherit;\"><span dir=\"auto\" style=\"vertical-align: inherit;\"><span dir=\"auto\" style=\"vertical-align: inherit;\"><span dir=\"auto\" style=\"vertical-align: inherit;\"><span dir=\"auto\" style=\"vertical-align: inherit;\">Softshell mujer totalmente alcochado &#8211; Capucha desmontable con visera, ajustable con dos cordones + tope y ajustada con una banda de velcro en la parte posterior &#8211; 3 bolsillos delanteros con cremalleras + 1 bolsillo en la manga con cremallera + un bolsillo interior con cremallera &#8211; Pu\u00f1os ajustables con velcro y el\u00e1sticos &#8211; Cord\u00f3n el\u00e1stico en la parte inferior &#8211; Corte femenino y ajustado  &#8211; Producto que combina tecnicidad y estilo. &#8211; &#8211; Proporciona abrigo y comodidad a quien lo lleva, siendo muy ligero. &#8211; &#8211; Destinado a todo tipo de mercado.<\/span><\/span><\/span><\/span><\/span><\/span><\/span><\/span><\/p>\n<p><span dir=\"auto\" style=\"vertical-align: inherit;\"><span dir=\"auto\" style=\"vertical-align: inherit;\"><span dir=\"auto\" style=\"vertical-align: inherit;\"><span dir=\"auto\" style=\"vertical-align: inherit;\"><span dir=\"auto\" style=\"vertical-align: inherit;\"><span dir=\"auto\" style=\"vertical-align: inherit;\"><span dir=\"auto\" style=\"vertical-align: inherit;\"><span dir=\"auto\" style=\"vertical-align: inherit;\">Exterior: 95% poli\u00e9ster &#8211; 5% elastano &#8211; 100% poli\u00e9ster forro de tafet\u00e1n &#8211; 3 capas &#8211; 8000mm membrana impermeable y transpirable<\/span><\/span><\/span><\/span><\/span><\/span><\/span><\/span><\/p>\n<p><span dir=\"auto\" style=\"vertical-align: inherit;\"><span dir=\"auto\" style=\"vertical-align: inherit;\"><\/span><\/span><\/p>","protected":false},"excerpt":{"rendered":"<p>Softshell mujer totalmente alcochado &#8211; Capucha desmontable con visera, ajustable con dos cordones + tope y ajustada con una banda de velcro en la parte posterior &#8211; 3 bolsillos delanteros con cremalleras + 1 bolsillo en la manga con cremallera + un bolsillo interior con cremallera &#8211; Pu\u00f1os ajustables con velcro y el\u00e1sticos &#8211; Cord\u00f3n [&hellip;]<\/p>\n","protected":false},"featured_media":15419,"template":"","meta":[],"product_brand":[26],"product_cat":[526],"product_tag":[],"class_list":{"0":"post-15416","1":"product","2":"type-product","3":"status-publish","4":"has-post-thumbnail","6":"product_brand-sols","7":"product_cat-softshell","8":"pa_color-antracita","9":"pa_color-french-marino","10":"pa_color-negro","11":"pa_ficha-tecnica-https-mcprod-sologroup-paris-com-default-pdfpublication-pdf-product-sku-46804-store-21-type-template_map","12":"pa_genero-mujer","13":"pa_talla-l","14":"pa_talla-m","15":"pa_talla-s","16":"pa_talla-xl","17":"pa_talla-xxl","19":"first","20":"instock","21":"purchasable","22":"product-type-variable","23":"wvs-archive-product-wrapper"},"_links":{"self":[{"href":"https:\/\/imprentaametros.com\/en\/wp-json\/wp\/v2\/product\/15416","targetHints":{"allow":["GET"]}}],"collection":[{"href":"https:\/\/imprentaametros.com\/en\/wp-json\/wp\/v2\/product"}],"about":[{"href":"https:\/\/imprentaametros.com\/en\/wp-json\/wp\/v2\/types\/product"}],"version-history":[{"count":1,"href":"https:\/\/imprentaametros.com\/en\/wp-json\/wp\/v2\/product\/15416\/revisions"}],"predecessor-version":[{"id":15417,"href":"https:\/\/imprentaametros.com\/en\/wp-json\/wp\/v2\/product\/15416\/revisions\/15417"}],"wp:featuredmedia":[{"embeddable":true,"href":"https:\/\/imprentaametros.com\/en\/wp-json\/wp\/v2\/media\/15419"}],"wp:attachment":[{"href":"https:\/\/imprentaametros.com\/en\/wp-json\/wp\/v2\/media?parent=15416"}],"wp:term":[{"taxonomy":"product_brand","embeddable":true,"href":"https:\/\/imprentaametros.com\/en\/wp-json\/wp\/v2\/product_brand?post=15416"},{"taxonomy":"product_cat","embeddable":true,"href":"https:\/\/imprentaametros.com\/en\/wp-json\/wp\/v2\/product_cat?post=15416"},{"taxonomy":"product_tag","embeddable":true,"href":"https:\/\/imprentaametros.com\/en\/wp-json\/wp\/v2\/product_tag?post=15416"}],"curies":[{"name":"wp","href":"https:\/\/api.w.org\/{rel}","templated":true}]}}