{"id":15072,"date":"2026-02-04T18:03:31","date_gmt":"2026-02-04T18:03:31","guid":{"rendered":"https:\/\/imprentamaxspeed2120.live-website.com\/tienda\/sin%20categor\u00eda\/sols-rallye-men\/"},"modified":"2026-02-04T18:06:57","modified_gmt":"2026-02-04T18:06:57","slug":"sols-rallye-men","status":"publish","type":"product","link":"https:\/\/imprentaametros.com\/en\/tienda\/textil\/softshell\/sols-rallye-men\/","title":{"rendered":"SOL&#8217;S RALLYE MEN"},"content":{"rendered":"<p><span dir=\"auto\" style=\"vertical-align: inherit;\"><span dir=\"auto\" style=\"vertical-align: inherit;\"><span dir=\"auto\" style=\"vertical-align: inherit;\"><span dir=\"auto\" style=\"vertical-align: inherit;\"><span dir=\"auto\" style=\"vertical-align: inherit;\"><span dir=\"auto\" style=\"vertical-align: inherit;\"><span dir=\"auto\" style=\"vertical-align: inherit;\"><span dir=\"auto\" style=\"vertical-align: inherit;\">2 bolsillos laterales y 1 bolsillo en el pecho con cremallera &#8211; Cord\u00f3n ajustable a la cintura<\/span><\/span><\/span><\/span><\/span><\/span><\/span><\/span><\/p>\n<p><span dir=\"auto\" style=\"vertical-align: inherit;\"><span dir=\"auto\" style=\"vertical-align: inherit;\"><span dir=\"auto\" style=\"vertical-align: inherit;\"><span dir=\"auto\" style=\"vertical-align: inherit;\"><span dir=\"auto\" style=\"vertical-align: inherit;\"><span dir=\"auto\" style=\"vertical-align: inherit;\"><span dir=\"auto\" style=\"vertical-align: inherit;\"><span dir=\"auto\" style=\"vertical-align: inherit;\">94% poli\u00e9ster &#8211; 6% elastano &#8211; Forro polar interior de 100% poli\u00e9ster &#8211; 3 capas &#8211; 8000 mm membrana impermeable y transpirable<\/span><\/span><\/span><\/span><\/span><\/span><\/span><\/span><\/p>\n<p><span dir=\"auto\" style=\"vertical-align: inherit;\"><span dir=\"auto\" style=\"vertical-align: inherit;\"><\/span><\/span><\/p>","protected":false},"excerpt":{"rendered":"<p>2 bolsillos laterales y 1 bolsillo en el pecho con cremallera &#8211; Cord\u00f3n ajustable a la cintura 94% poli\u00e9ster &#8211; 6% elastano &#8211; Forro polar interior de 100% poli\u00e9ster &#8211; 3 capas &#8211; 8000 mm membrana impermeable y transpirable<\/p>","protected":false},"featured_media":15075,"template":"","meta":[],"product_brand":[26],"product_cat":[526],"product_tag":[],"class_list":{"0":"post-15072","1":"product","2":"type-product","3":"status-publish","4":"has-post-thumbnail","6":"product_brand-sols","7":"product_cat-softshell","8":"pa_color-army","9":"pa_color-azul-royal","10":"pa_color-chocolate-oscuro","11":"pa_color-french-marino","12":"pa_color-negro","13":"pa_color-rojo-chili","14":"pa_color-verde-botella","15":"pa_ficha-tecnica-https-mcprod-sologroup-paris-com-default-pdfpublication-pdf-product-sku-46601-store-21-type-template_map","16":"pa_genero-hombre","17":"pa_talla-3xl","18":"pa_talla-l","19":"pa_talla-m","20":"pa_talla-s","21":"pa_talla-xl","22":"pa_talla-xxl","24":"first","25":"instock","26":"purchasable","27":"product-type-variable","28":"wvs-archive-product-wrapper"},"_links":{"self":[{"href":"https:\/\/imprentaametros.com\/en\/wp-json\/wp\/v2\/product\/15072","targetHints":{"allow":["GET"]}}],"collection":[{"href":"https:\/\/imprentaametros.com\/en\/wp-json\/wp\/v2\/product"}],"about":[{"href":"https:\/\/imprentaametros.com\/en\/wp-json\/wp\/v2\/types\/product"}],"version-history":[{"count":1,"href":"https:\/\/imprentaametros.com\/en\/wp-json\/wp\/v2\/product\/15072\/revisions"}],"predecessor-version":[{"id":15073,"href":"https:\/\/imprentaametros.com\/en\/wp-json\/wp\/v2\/product\/15072\/revisions\/15073"}],"wp:featuredmedia":[{"embeddable":true,"href":"https:\/\/imprentaametros.com\/en\/wp-json\/wp\/v2\/media\/15075"}],"wp:attachment":[{"href":"https:\/\/imprentaametros.com\/en\/wp-json\/wp\/v2\/media?parent=15072"}],"wp:term":[{"taxonomy":"product_brand","embeddable":true,"href":"https:\/\/imprentaametros.com\/en\/wp-json\/wp\/v2\/product_brand?post=15072"},{"taxonomy":"product_cat","embeddable":true,"href":"https:\/\/imprentaametros.com\/en\/wp-json\/wp\/v2\/product_cat?post=15072"},{"taxonomy":"product_tag","embeddable":true,"href":"https:\/\/imprentaametros.com\/en\/wp-json\/wp\/v2\/product_tag?post=15072"}],"curies":[{"name":"wp","href":"https:\/\/api.w.org\/{rel}","templated":true}]}}