{"id":14113,"date":"2026-02-04T09:37:25","date_gmt":"2026-02-04T09:37:25","guid":{"rendered":"https:\/\/imprentamaxspeed2120.live-website.com\/tienda\/sin%20categor\u00eda\/sols-snake-2\/"},"modified":"2026-02-04T09:39:35","modified_gmt":"2026-02-04T09:39:35","slug":"sols-snake-2","status":"publish","type":"product","link":"https:\/\/imprentaametros.com\/en\/tienda\/textil\/sudadera\/sols-snake-2\/","title":{"rendered":"SOL&#8217;S SNAKE"},"content":{"rendered":"<p><span dir=\"auto\" style=\"vertical-align: inherit;\"><span dir=\"auto\" style=\"vertical-align: inherit;\"><span dir=\"auto\" style=\"vertical-align: inherit;\"><span dir=\"auto\" style=\"vertical-align: inherit;\"><span dir=\"auto\" style=\"vertical-align: inherit;\"><span dir=\"auto\" style=\"vertical-align: inherit;\"><span dir=\"auto\" style=\"vertical-align: inherit;\"><span dir=\"auto\" style=\"vertical-align: inherit;\">Elastano acanalado en la parte inferior y en pu\u00f1os &#8211; Mangas montadas &#8211; Bolsillo canguro &#8211; Capucha con el cord\u00f3n contrastado &#8211; Corte ajustado  &#8211; Excelente relaci\u00f3n calidad\/precio para esta sudadera, moderna y actual. &#8211; &#8211; Destinada a todo tipo de mercado.<\/span><\/span><\/span><\/span><\/span><\/span><\/span><\/span><\/p>\n<p><span dir=\"auto\" style=\"vertical-align: inherit;\"><span dir=\"auto\" style=\"vertical-align: inherit;\"><span dir=\"auto\" style=\"vertical-align: inherit;\"><span dir=\"auto\" style=\"vertical-align: inherit;\"><span dir=\"auto\" style=\"vertical-align: inherit;\"><span dir=\"auto\" style=\"vertical-align: inherit;\"><span dir=\"auto\" style=\"vertical-align: inherit;\"><span dir=\"auto\" style=\"vertical-align: inherit;\">50% algod\u00f3n Ringspun &#8211; 50% poli\u00e9ster<\/span><\/span><\/span><\/span><\/span><\/span><\/span><\/span><\/p>\n<p><span dir=\"auto\" style=\"vertical-align: inherit;\"><span dir=\"auto\" style=\"vertical-align: inherit;\"><\/span><\/span><\/p>","protected":false},"excerpt":{"rendered":"<p>Elastano acanalado en la parte inferior y en pu\u00f1os &#8211; Mangas montadas &#8211; Bolsillo canguro &#8211; Capucha con el cord\u00f3n contrastado &#8211; Corte ajustado &#8211; Excelente relaci\u00f3n calidad\/precio para esta sudadera, moderna y actual. &#8211; &#8211; Destinada a todo tipo de mercado. 50% algod\u00f3n Ringspun &#8211; 50% poli\u00e9ster<\/p>","protected":false},"featured_media":14116,"template":"","meta":[],"product_brand":[26],"product_cat":[524],"product_tag":[],"class_list":{"0":"post-14113","1":"product","2":"type-product","3":"status-publish","4":"has-post-thumbnail","6":"product_brand-sols","7":"product_cat-sudadera","9":"first","10":"instock","11":"purchasable","12":"product-type-variable","13":"wvs-archive-product-wrapper"},"_links":{"self":[{"href":"https:\/\/imprentaametros.com\/en\/wp-json\/wp\/v2\/product\/14113","targetHints":{"allow":["GET"]}}],"collection":[{"href":"https:\/\/imprentaametros.com\/en\/wp-json\/wp\/v2\/product"}],"about":[{"href":"https:\/\/imprentaametros.com\/en\/wp-json\/wp\/v2\/types\/product"}],"version-history":[{"count":1,"href":"https:\/\/imprentaametros.com\/en\/wp-json\/wp\/v2\/product\/14113\/revisions"}],"predecessor-version":[{"id":14114,"href":"https:\/\/imprentaametros.com\/en\/wp-json\/wp\/v2\/product\/14113\/revisions\/14114"}],"wp:featuredmedia":[{"embeddable":true,"href":"https:\/\/imprentaametros.com\/en\/wp-json\/wp\/v2\/media\/14116"}],"wp:attachment":[{"href":"https:\/\/imprentaametros.com\/en\/wp-json\/wp\/v2\/media?parent=14113"}],"wp:term":[{"taxonomy":"product_brand","embeddable":true,"href":"https:\/\/imprentaametros.com\/en\/wp-json\/wp\/v2\/product_brand?post=14113"},{"taxonomy":"product_cat","embeddable":true,"href":"https:\/\/imprentaametros.com\/en\/wp-json\/wp\/v2\/product_cat?post=14113"},{"taxonomy":"product_tag","embeddable":true,"href":"https:\/\/imprentaametros.com\/en\/wp-json\/wp\/v2\/product_tag?post=14113"}],"curies":[{"name":"wp","href":"https:\/\/api.w.org\/{rel}","templated":true}]}}