{"id":118,"date":"2026-01-30T18:23:07","date_gmt":"2026-01-30T18:23:07","guid":{"rendered":"https:\/\/imprentamaxspeed2120.live-website.com\/tienda\/sin%20categor\u00eda\/sols-blizzard\/"},"modified":"2026-01-30T18:25:47","modified_gmt":"2026-01-30T18:25:47","slug":"sols-blizzard","status":"publish","type":"product","link":"https:\/\/imprentaametros.com\/en\/tienda\/textil\/accesorio-textil\/sols-blizzard\/","title":{"rendered":"SOL&#8217;S BLIZZARD"},"content":{"rendered":"<p><span dir=\"auto\" style=\"vertical-align: inherit;\"><span dir=\"auto\" style=\"vertical-align: inherit;\"><span dir=\"auto\" style=\"vertical-align: inherit;\"><span dir=\"auto\" style=\"vertical-align: inherit;\"><span dir=\"auto\" style=\"vertical-align: inherit;\"><span dir=\"auto\" style=\"vertical-align: inherit;\">2 en 1: braga de cuello + gorro &#8211; Cord\u00f3n el\u00e1stico ajustable Producto 2 en 1: utilizable ya sea como un gorro o braga de cuello &#8211; Dise\u00f1ado para cualquier tipo de mercado<\/span><\/span><\/span><\/span><\/span><\/span><\/p>\n<p><span dir=\"auto\" style=\"vertical-align: inherit;\"><span dir=\"auto\" style=\"vertical-align: inherit;\"><span dir=\"auto\" style=\"vertical-align: inherit;\"><span dir=\"auto\" style=\"vertical-align: inherit;\"><span dir=\"auto\" style=\"vertical-align: inherit;\"><span dir=\"auto\" style=\"vertical-align: inherit;\">Banda para el cuello 100% poli\u00e9ster &#8211; 45g<\/span><\/span><\/span><\/span><\/span><\/span><\/p>\n<p><span dir=\"auto\" style=\"vertical-align: inherit;\"><span dir=\"auto\" style=\"vertical-align: inherit;\"><\/span><\/span><\/p>","protected":false},"excerpt":{"rendered":"<p>2 en 1: braga de cuello + gorro &#8211; Cord\u00f3n el\u00e1stico ajustable Producto 2 en 1: utilizable ya sea como un gorro o braga de cuello &#8211; Dise\u00f1ado para cualquier tipo de mercado Banda para el cuello 100% poli\u00e9ster &#8211; 45g<\/p>","protected":false},"featured_media":121,"template":"","meta":[],"product_brand":[26],"product_cat":[27],"product_tag":[],"class_list":{"0":"post-118","1":"product","2":"type-product","3":"status-publish","4":"has-post-thumbnail","6":"product_brand-sols","7":"product_cat-accesorio-textil","8":"pa_color-rojo","9":"pa_ficha-tecnica-https-mcprod-sologroup-paris-com-default-pdfpublication-pdf-product-sku-00597-store-21-type-template_map","10":"pa_genero-unisex","11":"pa_talla-tun","13":"first","14":"instock","15":"purchasable","16":"product-type-variable","17":"wvs-archive-product-wrapper"},"_links":{"self":[{"href":"https:\/\/imprentaametros.com\/en\/wp-json\/wp\/v2\/product\/118","targetHints":{"allow":["GET"]}}],"collection":[{"href":"https:\/\/imprentaametros.com\/en\/wp-json\/wp\/v2\/product"}],"about":[{"href":"https:\/\/imprentaametros.com\/en\/wp-json\/wp\/v2\/types\/product"}],"version-history":[{"count":2,"href":"https:\/\/imprentaametros.com\/en\/wp-json\/wp\/v2\/product\/118\/revisions"}],"predecessor-version":[{"id":123,"href":"https:\/\/imprentaametros.com\/en\/wp-json\/wp\/v2\/product\/118\/revisions\/123"}],"wp:featuredmedia":[{"embeddable":true,"href":"https:\/\/imprentaametros.com\/en\/wp-json\/wp\/v2\/media\/121"}],"wp:attachment":[{"href":"https:\/\/imprentaametros.com\/en\/wp-json\/wp\/v2\/media?parent=118"}],"wp:term":[{"taxonomy":"product_brand","embeddable":true,"href":"https:\/\/imprentaametros.com\/en\/wp-json\/wp\/v2\/product_brand?post=118"},{"taxonomy":"product_cat","embeddable":true,"href":"https:\/\/imprentaametros.com\/en\/wp-json\/wp\/v2\/product_cat?post=118"},{"taxonomy":"product_tag","embeddable":true,"href":"https:\/\/imprentaametros.com\/en\/wp-json\/wp\/v2\/product_tag?post=118"}],"curies":[{"name":"wp","href":"https:\/\/api.w.org\/{rel}","templated":true}]}}