{"id":10336,"date":"2026-02-02T15:49:06","date_gmt":"2026-02-02T15:49:06","guid":{"rendered":"https:\/\/imprentamaxspeed2120.live-website.com\/tienda\/sin%20categor\u00eda\/sols-pioneer-lsl\/"},"modified":"2026-02-02T15:51:20","modified_gmt":"2026-02-02T15:51:20","slug":"sols-pioneer-lsl","status":"publish","type":"product","link":"https:\/\/imprentaametros.com\/en\/tienda\/textil\/camiseta\/sols-pioneer-lsl\/","title":{"rendered":"SOL&#8217;S PIONEER LSL"},"content":{"rendered":"<p><span dir=\"auto\" style=\"vertical-align: inherit;\"><span dir=\"auto\" style=\"vertical-align: inherit;\"><span dir=\"auto\" style=\"vertical-align: inherit;\"><span dir=\"auto\" style=\"vertical-align: inherit;\"><span dir=\"auto\" style=\"vertical-align: inherit;\"><span dir=\"auto\" style=\"vertical-align: inherit;\"><span dir=\"auto\" style=\"vertical-align: inherit;\"><span dir=\"auto\" style=\"vertical-align: inherit;\">Cuello redondo con borde acanalado &#8211; Cinta de protecci\u00f3n en el cuello &#8211; Manga larga &#8211; Pu\u00f1os con borde acanalado 2&#215;1 pesado &#8211; Cortado y cosido &#8211; Corte c\u00f3modo &#8211; Aberturas laterales en el bajo<\/span><\/span><\/span><\/span><\/span><\/span><\/span><\/span><\/p>\n<p><span dir=\"auto\" style=\"vertical-align: inherit;\"><span dir=\"auto\" style=\"vertical-align: inherit;\"><span dir=\"auto\" style=\"vertical-align: inherit;\"><span dir=\"auto\" style=\"vertical-align: inherit;\"><span dir=\"auto\" style=\"vertical-align: inherit;\"><span dir=\"auto\" style=\"vertical-align: inherit;\"><span dir=\"auto\" style=\"vertical-align: inherit;\"><span dir=\"auto\" style=\"vertical-align: inherit;\">100% algod\u00f3n\u00a0org\u00e1nico &#8211; en transici\u00f3n &#8211; Enriquecido mediante un tratamiento enzim\u00e1tico para un tacto m\u00e1s suave<\/span><\/span><\/span><\/span><\/span><\/span><\/span><\/span><\/p>\n<p><span dir=\"auto\" style=\"vertical-align: inherit;\"><span dir=\"auto\" style=\"vertical-align: inherit;\"><\/span><\/span><\/p>","protected":false},"excerpt":{"rendered":"<p>Cuello redondo con borde acanalado &#8211; Cinta de protecci\u00f3n en el cuello &#8211; Manga larga &#8211; Pu\u00f1os con borde acanalado 2&#215;1 pesado &#8211; Cortado y cosido &#8211; Corte c\u00f3modo &#8211; Aberturas laterales en el bajo 100% algod\u00f3n\u00a0org\u00e1nico &#8211; en transici\u00f3n &#8211; Enriquecido mediante un tratamiento enzim\u00e1tico para un tacto m\u00e1s suave<\/p>","protected":false},"featured_media":4345,"template":"","meta":[],"product_brand":[26],"product_cat":[97],"product_tag":[],"class_list":{"0":"post-10336","1":"product","2":"type-product","3":"status-publish","4":"has-post-thumbnail","6":"product_brand-sols","7":"product_cat-camiseta","8":"pa_color-beige-oscuro","9":"pa_color-blanco","10":"pa_color-blanco-crema","11":"pa_color-french-marino","12":"pa_color-gris-mezcla","13":"pa_color-negro-profundo","14":"pa_color-rojo-vivo","15":"pa_color-verde-imperio","16":"pa_ficha-tecnica-https-mcprod-sologroup-paris-com-default-pdfpublication-pdf-product-sku-03982-store-21-type-template_map","17":"pa_genero-unisex","18":"pa_talla-3xl","19":"pa_talla-4xl","20":"pa_talla-l","21":"pa_talla-m","22":"pa_talla-s","23":"pa_talla-xl","24":"pa_talla-xs","25":"pa_talla-xxl","27":"first","28":"instock","29":"purchasable","30":"product-type-variable","31":"wvs-archive-product-wrapper"},"_links":{"self":[{"href":"https:\/\/imprentaametros.com\/en\/wp-json\/wp\/v2\/product\/10336","targetHints":{"allow":["GET"]}}],"collection":[{"href":"https:\/\/imprentaametros.com\/en\/wp-json\/wp\/v2\/product"}],"about":[{"href":"https:\/\/imprentaametros.com\/en\/wp-json\/wp\/v2\/types\/product"}],"version-history":[{"count":1,"href":"https:\/\/imprentaametros.com\/en\/wp-json\/wp\/v2\/product\/10336\/revisions"}],"predecessor-version":[{"id":10337,"href":"https:\/\/imprentaametros.com\/en\/wp-json\/wp\/v2\/product\/10336\/revisions\/10337"}],"wp:featuredmedia":[{"embeddable":true,"href":"https:\/\/imprentaametros.com\/en\/wp-json\/wp\/v2\/media\/4345"}],"wp:attachment":[{"href":"https:\/\/imprentaametros.com\/en\/wp-json\/wp\/v2\/media?parent=10336"}],"wp:term":[{"taxonomy":"product_brand","embeddable":true,"href":"https:\/\/imprentaametros.com\/en\/wp-json\/wp\/v2\/product_brand?post=10336"},{"taxonomy":"product_cat","embeddable":true,"href":"https:\/\/imprentaametros.com\/en\/wp-json\/wp\/v2\/product_cat?post=10336"},{"taxonomy":"product_tag","embeddable":true,"href":"https:\/\/imprentaametros.com\/en\/wp-json\/wp\/v2\/product_tag?post=10336"}],"curies":[{"name":"wp","href":"https:\/\/api.w.org\/{rel}","templated":true}]}}