{"id":10087,"date":"2026-02-02T15:40:14","date_gmt":"2026-02-02T15:40:14","guid":{"rendered":"https:\/\/imprentamaxspeed2120.live-website.com\/tienda\/sin%20categor\u00eda\/sols-crusader-tt\/"},"modified":"2026-02-02T15:42:11","modified_gmt":"2026-02-02T15:42:11","slug":"sols-crusader-tt","status":"publish","type":"product","link":"https:\/\/imprentaametros.com\/en\/tienda\/textil\/camiseta\/sols-crusader-tt\/","title":{"rendered":"SOL&#8217;S CRUSADER TT"},"content":{"rendered":"<p><span dir=\"auto\" style=\"vertical-align: inherit;\"><span dir=\"auto\" style=\"vertical-align: inherit;\"><span dir=\"auto\" style=\"vertical-align: inherit;\"><span dir=\"auto\" style=\"vertical-align: inherit;\"><span dir=\"auto\" style=\"vertical-align: inherit;\"><span dir=\"auto\" style=\"vertical-align: inherit;\"><span dir=\"auto\" style=\"vertical-align: inherit;\"><span dir=\"auto\" style=\"vertical-align: inherit;\">Cortado y cosido &#8211; Acabados ribeteados &#8211; Corte c\u00f3modo<\/span><\/span><\/span><\/span><\/span><\/span><\/span><\/span><\/p>\n<p><span dir=\"auto\" style=\"vertical-align: inherit;\"><span dir=\"auto\" style=\"vertical-align: inherit;\"><span dir=\"auto\" style=\"vertical-align: inherit;\"><span dir=\"auto\" style=\"vertical-align: inherit;\"><span dir=\"auto\" style=\"vertical-align: inherit;\"><span dir=\"auto\" style=\"vertical-align: inherit;\"><span dir=\"auto\" style=\"vertical-align: inherit;\"><span dir=\"auto\" style=\"vertical-align: inherit;\">100% algod\u00f3n\u00a0org\u00e1nico &#8211; en transici\u00f3n &#8211; Enriquecido mediante un tratamiento enzim\u00e1tico para un tacto m\u00e1s suave<\/span><\/span><\/span><\/span><\/span><\/span><\/span><\/span><\/p>\n<p><span dir=\"auto\" style=\"vertical-align: inherit;\"><span dir=\"auto\" style=\"vertical-align: inherit;\"><\/span><\/span><\/p>","protected":false},"excerpt":{"rendered":"<p>Cortado y cosido &#8211; Acabados ribeteados &#8211; Corte c\u00f3modo 100% algod\u00f3n\u00a0org\u00e1nico &#8211; en transici\u00f3n &#8211; Enriquecido mediante un tratamiento enzim\u00e1tico para un tacto m\u00e1s suave<\/p>","protected":false},"featured_media":4238,"template":"","meta":[],"product_brand":[26],"product_cat":[97],"product_tag":[],"class_list":{"0":"post-10087","1":"product","2":"type-product","3":"status-publish","4":"has-post-thumbnail","6":"product_brand-sols","7":"product_cat-camiseta","8":"pa_color-azul-artico","9":"pa_color-blanco","10":"pa_color-french-marino","11":"pa_color-gris-mezcla","12":"pa_color-melocoton","13":"pa_color-negro-profundo","14":"pa_ficha-tecnica-https-mcprod-sologroup-paris-com-default-pdfpublication-pdf-product-sku-03980-store-21-type-template_map","15":"pa_genero-unisex","16":"pa_talla-3xl","17":"pa_talla-l","18":"pa_talla-m","19":"pa_talla-s","20":"pa_talla-xl","21":"pa_talla-xs","22":"pa_talla-xxl","24":"first","25":"instock","26":"purchasable","27":"product-type-variable","28":"wvs-archive-product-wrapper"},"_links":{"self":[{"href":"https:\/\/imprentaametros.com\/en\/wp-json\/wp\/v2\/product\/10087","targetHints":{"allow":["GET"]}}],"collection":[{"href":"https:\/\/imprentaametros.com\/en\/wp-json\/wp\/v2\/product"}],"about":[{"href":"https:\/\/imprentaametros.com\/en\/wp-json\/wp\/v2\/types\/product"}],"version-history":[{"count":1,"href":"https:\/\/imprentaametros.com\/en\/wp-json\/wp\/v2\/product\/10087\/revisions"}],"predecessor-version":[{"id":10088,"href":"https:\/\/imprentaametros.com\/en\/wp-json\/wp\/v2\/product\/10087\/revisions\/10088"}],"wp:featuredmedia":[{"embeddable":true,"href":"https:\/\/imprentaametros.com\/en\/wp-json\/wp\/v2\/media\/4238"}],"wp:attachment":[{"href":"https:\/\/imprentaametros.com\/en\/wp-json\/wp\/v2\/media?parent=10087"}],"wp:term":[{"taxonomy":"product_brand","embeddable":true,"href":"https:\/\/imprentaametros.com\/en\/wp-json\/wp\/v2\/product_brand?post=10087"},{"taxonomy":"product_cat","embeddable":true,"href":"https:\/\/imprentaametros.com\/en\/wp-json\/wp\/v2\/product_cat?post=10087"},{"taxonomy":"product_tag","embeddable":true,"href":"https:\/\/imprentaametros.com\/en\/wp-json\/wp\/v2\/product_tag?post=10087"}],"curies":[{"name":"wp","href":"https:\/\/api.w.org\/{rel}","templated":true}]}}