{"id":10056,"date":"2026-02-02T15:37:40","date_gmt":"2026-02-02T15:37:40","guid":{"rendered":"https:\/\/imprentamaxspeed2120.live-website.com\/tienda\/sin%20categor\u00eda\/atf-sacha\/"},"modified":"2026-02-02T15:40:52","modified_gmt":"2026-02-02T15:40:52","slug":"atf-sacha","status":"publish","type":"product","link":"https:\/\/imprentaametros.com\/en\/tienda\/textil\/camiseta\/atf-sacha\/","title":{"rendered":"ATF SACHA"},"content":{"rendered":"<p><span dir=\"auto\" style=\"vertical-align: inherit;\"><span dir=\"auto\" style=\"vertical-align: inherit;\"><span dir=\"auto\" style=\"vertical-align: inherit;\"><span dir=\"auto\" style=\"vertical-align: inherit;\"><span dir=\"auto\" style=\"vertical-align: inherit;\"><span dir=\"auto\" style=\"vertical-align: inherit;\"><span dir=\"auto\" style=\"vertical-align: inherit;\"><span dir=\"auto\" style=\"vertical-align: inherit;\">Unisex &#8211; Cuello redondo &#8211; Tapacosturas en el cuello &#8211; Corte ajustado &#8211; Cortada y cosida &#8211; Detalle tricolor en el bajo de la manga Tee-shirt con\u00e7u \u00e0 partir d&#8217;un jersey de coton peign\u00e9 biologique certifi\u00e9. Enti\u00e8rement confectionn\u00e9 en France.<\/span><\/span><\/span><\/span><\/span><\/span><\/span><\/span><\/p>\n<p><span dir=\"auto\" style=\"vertical-align: inherit;\"><span dir=\"auto\" style=\"vertical-align: inherit;\"><span dir=\"auto\" style=\"vertical-align: inherit;\"><span dir=\"auto\" style=\"vertical-align: inherit;\"><span dir=\"auto\" style=\"vertical-align: inherit;\"><span dir=\"auto\" style=\"vertical-align: inherit;\"><span dir=\"auto\" style=\"vertical-align: inherit;\"><span dir=\"auto\" style=\"vertical-align: inherit;\">Fabricado en Francia &#8211; 100% algod\u00f3n biol\u00f3gico &#8211; Costilla 100% algod\u00f3n peinado de cultivo ecol\u00f3gico<\/span><\/span><\/span><\/span><\/span><\/span><\/span><\/span><\/p>\n<p><span dir=\"auto\" style=\"vertical-align: inherit;\"><span dir=\"auto\" style=\"vertical-align: inherit;\"><\/span><\/span><\/p>","protected":false},"excerpt":{"rendered":"<p>Unisex &#8211; Cuello redondo &#8211; Tapacosturas en el cuello &#8211; Corte ajustado &#8211; Cortada y cosida &#8211; Detalle tricolor en el bajo de la manga Tee-shirt con\u00e7u \u00e0 partir d&#8217;un jersey de coton peign\u00e9 biologique certifi\u00e9. Enti\u00e8rement confectionn\u00e9 en France. Fabricado en Francia &#8211; 100% algod\u00f3n biol\u00f3gico &#8211; Costilla 100% algod\u00f3n peinado de cultivo ecol\u00f3gico<\/p>","protected":false},"featured_media":4230,"template":"","meta":[],"product_brand":[198],"product_cat":[97],"product_tag":[],"class_list":{"0":"post-10056","1":"product","2":"type-product","3":"status-publish","4":"has-post-thumbnail","6":"product_brand-atf","7":"product_cat-camiseta","8":"pa_color-azul-marino","9":"pa_color-azul-royal","10":"pa_color-blanco","11":"pa_color-gris-mezcla","12":"pa_ficha-tecnica-https-mcprod-sologroup-paris-com-default-pdfpublication-pdf-product-sku-03888-store-21-type-template_map","13":"pa_genero-unisex","14":"pa_talla-3xl","15":"pa_talla-l","16":"pa_talla-m","17":"pa_talla-s","18":"pa_talla-xl","19":"pa_talla-xs","20":"pa_talla-xxl","22":"first","23":"instock","24":"purchasable","25":"product-type-variable","26":"wvs-archive-product-wrapper"},"_links":{"self":[{"href":"https:\/\/imprentaametros.com\/en\/wp-json\/wp\/v2\/product\/10056","targetHints":{"allow":["GET"]}}],"collection":[{"href":"https:\/\/imprentaametros.com\/en\/wp-json\/wp\/v2\/product"}],"about":[{"href":"https:\/\/imprentaametros.com\/en\/wp-json\/wp\/v2\/types\/product"}],"version-history":[{"count":1,"href":"https:\/\/imprentaametros.com\/en\/wp-json\/wp\/v2\/product\/10056\/revisions"}],"predecessor-version":[{"id":10057,"href":"https:\/\/imprentaametros.com\/en\/wp-json\/wp\/v2\/product\/10056\/revisions\/10057"}],"wp:featuredmedia":[{"embeddable":true,"href":"https:\/\/imprentaametros.com\/en\/wp-json\/wp\/v2\/media\/4230"}],"wp:attachment":[{"href":"https:\/\/imprentaametros.com\/en\/wp-json\/wp\/v2\/media?parent=10056"}],"wp:term":[{"taxonomy":"product_brand","embeddable":true,"href":"https:\/\/imprentaametros.com\/en\/wp-json\/wp\/v2\/product_brand?post=10056"},{"taxonomy":"product_cat","embeddable":true,"href":"https:\/\/imprentaametros.com\/en\/wp-json\/wp\/v2\/product_cat?post=10056"},{"taxonomy":"product_tag","embeddable":true,"href":"https:\/\/imprentaametros.com\/en\/wp-json\/wp\/v2\/product_tag?post=10056"}],"curies":[{"name":"wp","href":"https:\/\/api.w.org\/{rel}","templated":true}]}}