{"id":10029,"date":"2026-02-02T15:36:47","date_gmt":"2026-02-02T15:36:47","guid":{"rendered":"https:\/\/imprentamaxspeed2120.live-website.com\/tienda\/sin%20categor\u00eda\/atf-malo\/"},"modified":"2026-02-02T15:38:51","modified_gmt":"2026-02-02T15:38:51","slug":"atf-malo","status":"publish","type":"product","link":"https:\/\/imprentaametros.com\/en\/tienda\/textil\/camiseta\/atf-malo\/","title":{"rendered":"ATF MALO"},"content":{"rendered":"<p><span dir=\"auto\" style=\"vertical-align: inherit;\"><span dir=\"auto\" style=\"vertical-align: inherit;\"><span dir=\"auto\" style=\"vertical-align: inherit;\"><span dir=\"auto\" style=\"vertical-align: inherit;\"><span dir=\"auto\" style=\"vertical-align: inherit;\"><span dir=\"auto\" style=\"vertical-align: inherit;\"><span dir=\"auto\" style=\"vertical-align: inherit;\"><span dir=\"auto\" style=\"vertical-align: inherit;\">Ribeteado en el cuello &#8211; Sisas americanas &#8211; Bajo y pu\u00f1os acanaladosBody b\u00e9b\u00e9 con\u00e7u \u00e0 partir de c\u00f4te 1&#215;1 en coton peign\u00e9 biologique certifi\u00e9. Mati\u00e8re douce et souple. Enti\u00e8rement confectionn\u00e9 en France.<\/span><\/span><\/span><\/span><\/span><\/span><\/span><\/span><\/p>\n<p><span dir=\"auto\" style=\"vertical-align: inherit;\"><span dir=\"auto\" style=\"vertical-align: inherit;\"><span dir=\"auto\" style=\"vertical-align: inherit;\"><span dir=\"auto\" style=\"vertical-align: inherit;\"><span dir=\"auto\" style=\"vertical-align: inherit;\"><span dir=\"auto\" style=\"vertical-align: inherit;\"><span dir=\"auto\" style=\"vertical-align: inherit;\"><span dir=\"auto\" style=\"vertical-align: inherit;\">Fabricado en Francia &#8211; 100% algod\u00f3n\u00a0biol\u00f3gico<\/span><\/span><\/span><\/span><\/span><\/span><\/span><\/span><\/p>\n<p><span dir=\"auto\" style=\"vertical-align: inherit;\"><span dir=\"auto\" style=\"vertical-align: inherit;\"><\/span><\/span><\/p>","protected":false},"excerpt":{"rendered":"<p>Ribeteado en el cuello &#8211; Sisas americanas &#8211; Bajo y pu\u00f1os acanaladosBody b\u00e9b\u00e9 con\u00e7u \u00e0 partir de c\u00f4te 1&#215;1 en coton peign\u00e9 biologique certifi\u00e9. Mati\u00e8re douce et souple. Enti\u00e8rement confectionn\u00e9 en France. Fabricado en Francia &#8211; 100% algod\u00f3n\u00a0biol\u00f3gico<\/p>","protected":false},"featured_media":4222,"template":"","meta":[],"product_brand":[198],"product_cat":[97],"product_tag":[],"class_list":{"0":"post-10029","1":"product","2":"type-product","3":"status-publish","4":"has-post-thumbnail","6":"product_brand-atf","7":"product_cat-camiseta","8":"pa_color-azul-marino","9":"pa_color-baby-blue","10":"pa_color-baby-pink","11":"pa_color-blanco","12":"pa_ficha-tecnica-https-mcprod-sologroup-paris-com-default-pdfpublication-pdf-product-sku-03887-store-21-type-template_map","13":"pa_genero-nino","14":"pa_talla-m03","15":"pa_talla-m06","16":"pa_talla-m12","17":"pa_talla-m18","18":"pa_talla-m24","19":"pa_talla-m36","21":"first","22":"instock","23":"purchasable","24":"product-type-variable","25":"wvs-archive-product-wrapper"},"_links":{"self":[{"href":"https:\/\/imprentaametros.com\/en\/wp-json\/wp\/v2\/product\/10029","targetHints":{"allow":["GET"]}}],"collection":[{"href":"https:\/\/imprentaametros.com\/en\/wp-json\/wp\/v2\/product"}],"about":[{"href":"https:\/\/imprentaametros.com\/en\/wp-json\/wp\/v2\/types\/product"}],"version-history":[{"count":1,"href":"https:\/\/imprentaametros.com\/en\/wp-json\/wp\/v2\/product\/10029\/revisions"}],"predecessor-version":[{"id":10030,"href":"https:\/\/imprentaametros.com\/en\/wp-json\/wp\/v2\/product\/10029\/revisions\/10030"}],"wp:featuredmedia":[{"embeddable":true,"href":"https:\/\/imprentaametros.com\/en\/wp-json\/wp\/v2\/media\/4222"}],"wp:attachment":[{"href":"https:\/\/imprentaametros.com\/en\/wp-json\/wp\/v2\/media?parent=10029"}],"wp:term":[{"taxonomy":"product_brand","embeddable":true,"href":"https:\/\/imprentaametros.com\/en\/wp-json\/wp\/v2\/product_brand?post=10029"},{"taxonomy":"product_cat","embeddable":true,"href":"https:\/\/imprentaametros.com\/en\/wp-json\/wp\/v2\/product_cat?post=10029"},{"taxonomy":"product_tag","embeddable":true,"href":"https:\/\/imprentaametros.com\/en\/wp-json\/wp\/v2\/product_tag?post=10029"}],"curies":[{"name":"wp","href":"https:\/\/api.w.org\/{rel}","templated":true}]}}