{"id":45682,"date":"2026-02-23T07:53:33","date_gmt":"2026-02-23T07:53:33","guid":{"rendered":"https:\/\/imprentaametros.com\/?page_id=45682"},"modified":"2026-03-03T18:25:29","modified_gmt":"2026-03-03T18:25:29","slug":"impresion-digital","status":"publish","type":"page","link":"https:\/\/imprentaametros.com\/en\/impresion-digital\/","title":{"rendered":"Impresi\u00f3n digital"},"content":{"rendered":"<div data-elementor-type=\"wp-page\" data-elementor-id=\"45682\" class=\"elementor elementor-45682\" data-elementor-post-type=\"page\">\n\t\t\t\t<div class=\"elementor-element elementor-element-73a662d e-grid e-con-full e-con e-parent\" data-id=\"73a662d\" data-element_type=\"container\" data-e-type=\"container\">\n\t\t<a class=\"elementor-element elementor-element-3cd2cf1 e-con-full e-flex e-con e-child\" data-id=\"3cd2cf1\" data-element_type=\"container\" data-e-type=\"container\" href=\"https:\/\/imprentaametros.com\/en\/tienda\/impresion-digital\/vinilo\/impresion-sobre-vinilo\/\">\n\t\t\t\t<div class=\"elementor-element elementor-element-4bef750 elementor-widget elementor-widget-heading\" data-id=\"4bef750\" data-element_type=\"widget\" data-e-type=\"widget\" data-widget_type=\"heading.default\">\n\t\t\t\t\t<h3 class=\"elementor-heading-title elementor-size-default\">Vinilo<\/h3>\t\t\t\t<\/div>\n\t\t\t\t<\/a>\n\t\t<a class=\"elementor-element elementor-element-383a607 e-con-full e-flex e-con e-child\" data-id=\"383a607\" data-element_type=\"container\" data-e-type=\"container\" href=\"https:\/\/imprentaametros.com\/en\/tienda\/impresion-digital\/vinilo\/impresion-sobre-vinilo\/\">\n\t\t\t\t<div class=\"elementor-element elementor-element-4a7ade4 elementor-widget elementor-widget-heading\" data-id=\"4a7ade4\" data-element_type=\"widget\" data-e-type=\"widget\" data-widget_type=\"heading.default\">\n\t\t\t\t\t<h3 class=\"elementor-heading-title elementor-size-default\">Vinilo Microperforado<\/h3>\t\t\t\t<\/div>\n\t\t\t\t<\/a>\n\t\t<a class=\"elementor-element elementor-element-79d902c e-con-full e-flex e-con e-child\" data-id=\"79d902c\" data-element_type=\"container\" data-e-type=\"container\" href=\"https:\/\/imprentaametros.com\/en\/tienda\/impresion-digital\/lona\/pvc\/impresion-sobre-lona-de-pvc\/\">\n\t\t\t\t<div class=\"elementor-element elementor-element-3db0a3d elementor-widget elementor-widget-heading\" data-id=\"3db0a3d\" data-element_type=\"widget\" data-e-type=\"widget\" data-widget_type=\"heading.default\">\n\t\t\t\t\t<h3 class=\"elementor-heading-title elementor-size-default\">Lona  PVC<\/h3>\t\t\t\t<\/div>\n\t\t\t\t<\/a>\n\t\t<a class=\"elementor-element elementor-element-d5c845d e-con-full e-flex e-con e-child\" data-id=\"d5c845d\" data-element_type=\"container\" data-e-type=\"container\" href=\"https:\/\/imprentaametros.com\/en\/tienda\/impresion-digital\/lona\/pvc\/impresion-sobre-lona-microperforada\/\">\n\t\t\t\t<div class=\"elementor-element elementor-element-fe6210c elementor-widget elementor-widget-heading\" data-id=\"fe6210c\" data-element_type=\"widget\" data-e-type=\"widget\" data-widget_type=\"heading.default\">\n\t\t\t\t\t<h3 class=\"elementor-heading-title elementor-size-default\">Lona  Microperforada<\/h3>\t\t\t\t<\/div>\n\t\t\t\t<\/a>\n\t\t<a class=\"elementor-element elementor-element-56ae9f9 e-con-full e-flex e-con e-child\" data-id=\"56ae9f9\" data-element_type=\"container\" data-e-type=\"container\" href=\"https:\/\/imprentaametros.com\/en\/tienda\/impresion-digital\/lienzo\/impresion-sobre-lienzo\/\">\n\t\t\t\t<div class=\"elementor-element elementor-element-125e0f2 elementor-widget elementor-widget-heading\" data-id=\"125e0f2\" data-element_type=\"widget\" data-e-type=\"widget\" data-widget_type=\"heading.default\">\n\t\t\t\t\t<h3 class=\"elementor-heading-title elementor-size-default\">Lienzo<\/h3>\t\t\t\t<\/div>\n\t\t\t\t<\/a>\n\t\t\t\t<\/div>\n\t\t<div class=\"elementor-element elementor-element-5911aa4 e-flex e-con-boxed e-con e-parent\" data-id=\"5911aa4\" data-element_type=\"container\" data-e-type=\"container\" data-settings=\"{&quot;background_background&quot;:&quot;gradient&quot;}\">\n\t\t\t\t\t<div class=\"e-con-inner\">\n\t\t<div class=\"elementor-element elementor-element-18df689 e-con-full e-flex e-con e-child\" data-id=\"18df689\" data-element_type=\"container\" data-e-type=\"container\">\n\t\t\t\t<div class=\"elementor-element elementor-element-a26fe4c elementor-widget-mobile__width-initial elementor-widget elementor-widget-text-editor\" data-id=\"a26fe4c\" data-element_type=\"widget\" data-e-type=\"widget\" data-widget_type=\"text-editor.default\">\n\t\t\t\t\t\t\t\t\tReg\u00edstrate para obtener informaci\u00f3n sobre tu pedido<\/span>\t\t\t\t\t\t\t\t<\/div>\n\t\t\t\t<\/div>\n\t\t<div class=\"elementor-element elementor-element-3d269ea e-con-full e-flex e-con e-child\" data-id=\"3d269ea\" data-element_type=\"container\" data-e-type=\"container\">\n\t\t\t\t<div class=\"elementor-element elementor-element-ec227e6 elementor-align-right elementor-mobile-align-center elementor-widget-mobile__width-initial elementor-widget elementor-widget-button\" data-id=\"ec227e6\" data-element_type=\"widget\" data-e-type=\"widget\" data-widget_type=\"button.default\">\n\t\t\t\t\t\t\t\t\t\t<a class=\"elementor-button elementor-button-link elementor-size-sm\" href=\"\/en\/registro\/\">\n\t\t\t\t\t\t<span class=\"elementor-button-content-wrapper\">\n\t\t\t\t\t\t\t\t\t<span class=\"elementor-button-text\">Registrarse ahora<\/span>\n\t\t\t\t\t<\/span>\n\t\t\t\t\t<\/a>\n\t\t\t\t\t\t\t\t<\/div>\n\t\t\t\t<\/div>\n\t\t\t\t\t<\/div>\n\t\t\t\t<\/div>\n\t\t<div class=\"elementor-element elementor-element-40ab20d e-con-full e-flex e-con e-parent\" data-id=\"40ab20d\" data-element_type=\"container\" data-e-type=\"container\" data-settings=\"{&quot;background_background&quot;:&quot;classic&quot;}\">\n\t\t<a class=\"elementor-element elementor-element-76ec49d e-con-full e-flex e-con e-child\" data-id=\"76ec49d\" data-element_type=\"container\" data-e-type=\"container\" data-settings=\"{&quot;background_background&quot;:&quot;classic&quot;}\" href=\"https:\/\/imprentaametros.com\/en\/bonos-por-metros-y-suscripciones-mensuales\/\">\n\t\t\t\t<div class=\"elementor-element elementor-element-7fb89f8 elementor-widget elementor-widget-text-editor\" data-id=\"7fb89f8\" data-element_type=\"widget\" data-e-type=\"widget\" data-widget_type=\"text-editor.default\">\n\t\t\t\t\t\t\t\t\t<p>BONOS<\/p>\t\t\t\t\t\t\t\t<\/div>\n\t\t\t\t<\/a>\n\t\t<a class=\"elementor-element elementor-element-e4a9984 e-con-full e-flex e-con e-child\" data-id=\"e4a9984\" data-element_type=\"container\" data-e-type=\"container\" data-settings=\"{&quot;background_background&quot;:&quot;classic&quot;}\" href=\"https:\/\/imprentaametros.com\/en\/servicio-de-impresion-digital-para-agencias-y-profesionales\/\">\n\t\t\t\t<div class=\"elementor-element elementor-element-154f925 elementor-widget elementor-widget-text-editor\" data-id=\"154f925\" data-element_type=\"widget\" data-e-type=\"widget\" data-widget_type=\"text-editor.default\">\n\t\t\t\t\t\t\t\t\t<p>Personalizaci\u00f3n Textil \/ Servicios para agencias<\/p>\t\t\t\t\t\t\t\t<\/div>\n\t\t\t\t<\/a>\n\t\t\t\t<\/div>\n\t\t\t\t<\/div>","protected":false},"excerpt":{"rendered":"<p>Vinilo Vinilo Microperforado Lona PVC Lona Microperforada Lienzo Reg\u00edstrate para obtener informaci\u00f3n sobre tu pedido Registrarse ahora BONOS Personalizaci\u00f3n Textil \/ Servicios para agencias<\/p>","protected":false},"author":1,"featured_media":0,"parent":0,"menu_order":0,"comment_status":"closed","ping_status":"closed","template":"elementor_header_footer","meta":{"footnotes":""},"class_list":["post-45682","page","type-page","status-publish","hentry"],"_links":{"self":[{"href":"https:\/\/imprentaametros.com\/en\/wp-json\/wp\/v2\/pages\/45682","targetHints":{"allow":["GET"]}}],"collection":[{"href":"https:\/\/imprentaametros.com\/en\/wp-json\/wp\/v2\/pages"}],"about":[{"href":"https:\/\/imprentaametros.com\/en\/wp-json\/wp\/v2\/types\/page"}],"author":[{"embeddable":true,"href":"https:\/\/imprentaametros.com\/en\/wp-json\/wp\/v2\/users\/1"}],"replies":[{"embeddable":true,"href":"https:\/\/imprentaametros.com\/en\/wp-json\/wp\/v2\/comments?post=45682"}],"version-history":[{"count":16,"href":"https:\/\/imprentaametros.com\/en\/wp-json\/wp\/v2\/pages\/45682\/revisions"}],"predecessor-version":[{"id":47846,"href":"https:\/\/imprentaametros.com\/en\/wp-json\/wp\/v2\/pages\/45682\/revisions\/47846"}],"wp:attachment":[{"href":"https:\/\/imprentaametros.com\/en\/wp-json\/wp\/v2\/media?parent=45682"}],"curies":[{"name":"wp","href":"https:\/\/api.w.org\/{rel}","templated":true}]}}