{"id":46489,"date":"2026-02-25T15:34:03","date_gmt":"2026-02-25T15:34:03","guid":{"rendered":"https:\/\/imprentaametros.com\/tienda\/sin%20categor\u00eda\/sols-buffalo\/"},"modified":"2026-02-25T17:18:25","modified_gmt":"2026-02-25T17:18:25","slug":"sols-buffalo","status":"publish","type":"product","link":"http:\/\/imprentaametros.com\/es\/tienda\/textil\/gorra-y-gorro\/sols-buffalo\/","title":{"rendered":"SOL&#8217;S BUFFALO"},"content":{"rendered":"<p><span dir=\"auto\" style=\"vertical-align: inherit;\"><span dir=\"auto\" style=\"vertical-align: inherit;\"><span dir=\"auto\" style=\"vertical-align: inherit;\"><span dir=\"auto\" style=\"vertical-align: inherit;\"><span dir=\"auto\" style=\"vertical-align: inherit;\"><span dir=\"auto\" style=\"vertical-align: inherit;\"><span dir=\"auto\" style=\"vertical-align: inherit;\"><span dir=\"auto\" style=\"vertical-align: inherit;\">6 paneles &#8211; Visera preformada &#8211; 6 agujeros de ventilaci\u00f3n bordados &#8211; Cierre trasero regulable con hebilla met\u00e1lica plateada Algod\u00f3n peinado pesado<\/span><\/span><\/span><\/span><\/span><\/span><\/span><\/span><\/p>\n<p><span dir=\"auto\" style=\"vertical-align: inherit;\"><span dir=\"auto\" style=\"vertical-align: inherit;\"><span dir=\"auto\" style=\"vertical-align: inherit;\"><span dir=\"auto\" style=\"vertical-align: inherit;\"><span dir=\"auto\" style=\"vertical-align: inherit;\"><span dir=\"auto\" style=\"vertical-align: inherit;\"><span dir=\"auto\" style=\"vertical-align: inherit;\"><span dir=\"auto\" style=\"vertical-align: inherit;\">Blanco French Marino<\/span><\/span><\/span><\/span><\/span><\/span><\/span><\/span><\/p>\n<p><span dir=\"auto\" style=\"vertical-align: inherit;\"><span dir=\"auto\" style=\"vertical-align: inherit;\"><\/span><\/span><\/p>\n","protected":false},"excerpt":{"rendered":"<p>6 paneles &#8211; Visera preformada &#8211; 6 agujeros de ventilaci\u00f3n bordados &#8211; Cierre trasero regulable con hebilla met\u00e1lica plateada Algod\u00f3n peinado pesado Blanco French Marino<\/p>\n","protected":false},"featured_media":46558,"template":"","meta":[],"product_brand":[26],"product_cat":[1049],"product_tag":[],"class_list":{"0":"post-46489","1":"product","2":"type-product","3":"status-publish","4":"has-post-thumbnail","6":"product_brand-sols","7":"product_cat-gorra-y-gorro","8":"pa_color-tun","9":"pa_ficha-tecnica-1072","10":"pa_genero-visera-precurvada-de-plastico-de-calidad-y-refuerzo-frontal-producto-de-calidad-con-una-amplia-gama-de-colores-y-una-de-la-mejores-relaciones-calidad-precio-del-mercado","11":"pa_talla-unisex","13":"first","14":"instock","15":"purchasable","16":"product-type-variable","17":"wvs-archive-product-wrapper"},"_links":{"self":[{"href":"http:\/\/imprentaametros.com\/es\/wp-json\/wp\/v2\/product\/46489","targetHints":{"allow":["GET"]}}],"collection":[{"href":"http:\/\/imprentaametros.com\/es\/wp-json\/wp\/v2\/product"}],"about":[{"href":"http:\/\/imprentaametros.com\/es\/wp-json\/wp\/v2\/types\/product"}],"version-history":[{"count":35,"href":"http:\/\/imprentaametros.com\/es\/wp-json\/wp\/v2\/product\/46489\/revisions"}],"predecessor-version":[{"id":46557,"href":"http:\/\/imprentaametros.com\/es\/wp-json\/wp\/v2\/product\/46489\/revisions\/46557"}],"wp:featuredmedia":[{"embeddable":true,"href":"http:\/\/imprentaametros.com\/es\/wp-json\/wp\/v2\/media\/46558"}],"wp:attachment":[{"href":"http:\/\/imprentaametros.com\/es\/wp-json\/wp\/v2\/media?parent=46489"}],"wp:term":[{"taxonomy":"product_brand","embeddable":true,"href":"http:\/\/imprentaametros.com\/es\/wp-json\/wp\/v2\/product_brand?post=46489"},{"taxonomy":"product_cat","embeddable":true,"href":"http:\/\/imprentaametros.com\/es\/wp-json\/wp\/v2\/product_cat?post=46489"},{"taxonomy":"product_tag","embeddable":true,"href":"http:\/\/imprentaametros.com\/es\/wp-json\/wp\/v2\/product_tag?post=46489"}],"curies":[{"name":"wp","href":"https:\/\/api.w.org\/{rel}","templated":true}]}}