{"id":18735,"date":"2026-02-18T09:11:42","date_gmt":"2026-02-18T09:11:42","guid":{"rendered":"https:\/\/imprentaametroshighs4120.live-website.com\/tienda\/sin%20categor\u00eda\/sols-stream-hooded-women\/"},"modified":"2026-02-21T09:17:00","modified_gmt":"2026-02-21T09:17:00","slug":"sols-stream-hooded-women","status":"publish","type":"product","link":"http:\/\/imprentaametros.com\/en\/tienda\/textil\/cazadora-y-parka\/sols-stream-hooded-women\/","title":{"rendered":"SOL&#8217;S STREAM HOODED WOMEN"},"content":{"rendered":"<p><span dir=\"auto\" style=\"vertical-align: inherit;\"><span dir=\"auto\" style=\"vertical-align: inherit;\"><span dir=\"auto\" style=\"vertical-align: inherit;\"><span dir=\"auto\" style=\"vertical-align: inherit;\"><span dir=\"auto\" style=\"vertical-align: inherit;\"><span dir=\"auto\" style=\"vertical-align: inherit;\"><span dir=\"auto\" style=\"vertical-align: inherit;\"><span dir=\"auto\" style=\"vertical-align: inherit;\">Abertura y bolsillos laterales con cremallera de nylon tono sobre tono &#8211; Cursor de metal tono sobre tono con tirador de cremallera de fantas\u00eda negro &#8211; Capucha con borde el\u00e1stico &#8211; Bajo y pu\u00f1os el\u00e1sticos tono sobre tono<\/span><\/span><\/span><\/span><\/span><\/span><\/span><\/span><\/p>\n<p><span dir=\"auto\" style=\"vertical-align: inherit;\"><span dir=\"auto\" style=\"vertical-align: inherit;\"><span dir=\"auto\" style=\"vertical-align: inherit;\"><span dir=\"auto\" style=\"vertical-align: inherit;\"><span dir=\"auto\" style=\"vertical-align: inherit;\"><span dir=\"auto\" style=\"vertical-align: inherit;\"><span dir=\"auto\" style=\"vertical-align: inherit;\"><span dir=\"auto\" style=\"vertical-align: inherit;\">Exterior y forro: 100% poli\u00e9ster reciclado &#8211; Relleno: plum\u00f3n 100% poli\u00e9ster<\/span><\/span><\/span><\/span><\/span><\/span><\/span><\/span><\/p>\n<p><span dir=\"auto\" style=\"vertical-align: inherit;\"><span dir=\"auto\" style=\"vertical-align: inherit;\"><\/span><\/span><\/p>","protected":false},"excerpt":{"rendered":"<p>Abertura y bolsillos laterales con cremallera de nylon tono sobre tono &#8211; Cursor de metal tono sobre tono con tirador de cremallera de fantas\u00eda negro &#8211; Capucha con borde el\u00e1stico &#8211; Bajo y pu\u00f1os el\u00e1sticos tono sobre tono Exterior y forro: 100% poli\u00e9ster reciclado &#8211; Relleno: plum\u00f3n 100% poli\u00e9ster<\/p>","protected":false},"featured_media":18738,"template":"","meta":[],"product_brand":[26],"product_cat":[1003,585],"product_tag":[],"class_list":{"0":"post-18735","1":"product","2":"type-product","3":"status-publish","4":"has-post-thumbnail","6":"product_brand-sols","7":"product_cat-cazadora-y-parka","8":"product_cat-textil","9":"pa_color-french-marino","10":"pa_color-negro","11":"pa_color-nnegro","12":"pa_ficha-tecnica-https-mcprod-sologroup-paris-com-default-pdfpublication-pdf-product-sku-04445-store-21-type-template_map","13":"pa_genero-mujer","14":"pa_talla-l","15":"pa_talla-m","16":"pa_talla-s","17":"pa_talla-xl","18":"pa_talla-xxl","20":"first","21":"instock","22":"purchasable","23":"product-type-variable","24":"wvs-archive-product-wrapper"},"_links":{"self":[{"href":"http:\/\/imprentaametros.com\/en\/wp-json\/wp\/v2\/product\/18735","targetHints":{"allow":["GET"]}}],"collection":[{"href":"http:\/\/imprentaametros.com\/en\/wp-json\/wp\/v2\/product"}],"about":[{"href":"http:\/\/imprentaametros.com\/en\/wp-json\/wp\/v2\/types\/product"}],"version-history":[{"count":1,"href":"http:\/\/imprentaametros.com\/en\/wp-json\/wp\/v2\/product\/18735\/revisions"}],"predecessor-version":[{"id":18736,"href":"http:\/\/imprentaametros.com\/en\/wp-json\/wp\/v2\/product\/18735\/revisions\/18736"}],"wp:featuredmedia":[{"embeddable":true,"href":"http:\/\/imprentaametros.com\/en\/wp-json\/wp\/v2\/media\/18738"}],"wp:attachment":[{"href":"http:\/\/imprentaametros.com\/en\/wp-json\/wp\/v2\/media?parent=18735"}],"wp:term":[{"taxonomy":"product_brand","embeddable":true,"href":"http:\/\/imprentaametros.com\/en\/wp-json\/wp\/v2\/product_brand?post=18735"},{"taxonomy":"product_cat","embeddable":true,"href":"http:\/\/imprentaametros.com\/en\/wp-json\/wp\/v2\/product_cat?post=18735"},{"taxonomy":"product_tag","embeddable":true,"href":"http:\/\/imprentaametros.com\/en\/wp-json\/wp\/v2\/product_tag?post=18735"}],"curies":[{"name":"wp","href":"https:\/\/api.w.org\/{rel}","templated":true}]}}