{"id":18287,"date":"2026-02-18T07:57:52","date_gmt":"2026-02-18T07:57:52","guid":{"rendered":"https:\/\/imprentaametroshighs4120.live-website.com\/tienda\/sin%20categor\u00eda\/sols-soho-67\/"},"modified":"2026-02-21T09:17:08","modified_gmt":"2026-02-21T09:17:08","slug":"sols-soho-67","status":"publish","type":"product","link":"http:\/\/imprentaametros.com\/en\/tienda\/textil\/bolsas\/sols-soho-67\/","title":{"rendered":"SOL&#8217;S SOHO 67"},"content":{"rendered":"<p><span dir=\"auto\" style=\"vertical-align: inherit;\"><span dir=\"auto\" style=\"vertical-align: inherit;\"><span dir=\"auto\" style=\"vertical-align: inherit;\"><span dir=\"auto\" style=\"vertical-align: inherit;\"><span dir=\"auto\" style=\"vertical-align: inherit;\"><span dir=\"auto\" style=\"vertical-align: inherit;\"><span dir=\"auto\" style=\"vertical-align: inherit;\"><span dir=\"auto\" style=\"vertical-align: inherit;\">Bolsa polivalente, moderna y flexible &#8211; Asas de transporteBolsa \u00abvintage\u00bb redise\u00f1ada por SOL&#8217;S, suave y f\u00e1cil de guardar.<\/span><\/span><\/span><\/span><\/span><\/span><\/span><\/span><\/p>\n<p><span dir=\"auto\" style=\"vertical-align: inherit;\"><span dir=\"auto\" style=\"vertical-align: inherit;\"><span dir=\"auto\" style=\"vertical-align: inherit;\"><span dir=\"auto\" style=\"vertical-align: inherit;\"><span dir=\"auto\" style=\"vertical-align: inherit;\"><span dir=\"auto\" style=\"vertical-align: inherit;\"><span dir=\"auto\" style=\"vertical-align: inherit;\"><span dir=\"auto\" style=\"vertical-align: inherit;\">100% poli\u00e9ster<\/span><\/span><\/span><\/span><\/span><\/span><\/span><\/span><\/p>\n<p><span dir=\"auto\" style=\"vertical-align: inherit;\"><span dir=\"auto\" style=\"vertical-align: inherit;\"><\/span><\/span><\/p>","protected":false},"excerpt":{"rendered":"<p>Bolsa polivalente, moderna y flexible &#8211; Asas de transporteBolsa \u00abvintage\u00bb redise\u00f1ada por SOL&#8217;S, suave y f\u00e1cil de guardar. 100% poli\u00e9ster<\/p>","protected":false},"featured_media":18290,"template":"","meta":[],"product_brand":[26],"product_cat":[969,585],"product_tag":[],"class_list":{"0":"post-18287","1":"product","2":"type-product","3":"status-publish","4":"has-post-thumbnail","6":"product_brand-sols","7":"product_cat-bolsas","8":"product_cat-textil","9":"pa_color-aqua","10":"pa_color-gris-urbano","11":"pa_color-negro","12":"pa_color-rojo","13":"pa_color-rosa-crema","14":"pa_ficha-tecnica-https-mcprod-sologroup-paris-com-default-pdfpublication-pdf-product-sku-72600-store-21-type-template_map","15":"pa_genero-unisex","16":"pa_talla-tun","18":"first","19":"instock","20":"purchasable","21":"product-type-variable","22":"wvs-archive-product-wrapper"},"_links":{"self":[{"href":"http:\/\/imprentaametros.com\/en\/wp-json\/wp\/v2\/product\/18287","targetHints":{"allow":["GET"]}}],"collection":[{"href":"http:\/\/imprentaametros.com\/en\/wp-json\/wp\/v2\/product"}],"about":[{"href":"http:\/\/imprentaametros.com\/en\/wp-json\/wp\/v2\/types\/product"}],"version-history":[{"count":1,"href":"http:\/\/imprentaametros.com\/en\/wp-json\/wp\/v2\/product\/18287\/revisions"}],"predecessor-version":[{"id":18288,"href":"http:\/\/imprentaametros.com\/en\/wp-json\/wp\/v2\/product\/18287\/revisions\/18288"}],"wp:featuredmedia":[{"embeddable":true,"href":"http:\/\/imprentaametros.com\/en\/wp-json\/wp\/v2\/media\/18290"}],"wp:attachment":[{"href":"http:\/\/imprentaametros.com\/en\/wp-json\/wp\/v2\/media?parent=18287"}],"wp:term":[{"taxonomy":"product_brand","embeddable":true,"href":"http:\/\/imprentaametros.com\/en\/wp-json\/wp\/v2\/product_brand?post=18287"},{"taxonomy":"product_cat","embeddable":true,"href":"http:\/\/imprentaametros.com\/en\/wp-json\/wp\/v2\/product_cat?post=18287"},{"taxonomy":"product_tag","embeddable":true,"href":"http:\/\/imprentaametros.com\/en\/wp-json\/wp\/v2\/product_tag?post=18287"}],"curies":[{"name":"wp","href":"https:\/\/api.w.org\/{rel}","templated":true}]}}